{"id":159,"date":"2024-10-11T11:33:40","date_gmt":"2024-10-11T09:33:40","guid":{"rendered":"https:\/\/labs.100x100.net\/projects\/enervent\/privacy-policy\/"},"modified":"2025-02-27T09:16:50","modified_gmt":"2025-02-27T08:16:50","slug":"politique-de-confidentialite","status":"publish","type":"page","link":"https:\/\/www.enerventperello.com\/fr\/politique-de-confidentialite\/","title":{"rendered":"Politique de confidentialit\u00e9"},"content":{"rendered":"<h4>1. Responsable du Traitement<\/h4>\n<p>Le responsable du traitement des donn\u00e9es des utilisateurs est la soci\u00e9t\u00e9 ENERVENT S.A. (ci-apr\u00e8s, &#8220;la Soci\u00e9t\u00e9&#8221; ou &#8220;ENERVENT&#8221;), une soci\u00e9t\u00e9 l\u00e9galement constitu\u00e9e conform\u00e9ment \u00e0 la l\u00e9gislation espagnole, enregistr\u00e9e sous le N.I.F. A60900388, domicili\u00e9e \u00e0 Travessera de Gr\u00e0cia, num\u00e9ro 62 &#8211; 2\u00ba 5\u00ba, 08006 Barcelone, et inscrite au Registre du Commerce de Barcelone sous le Volume 39428, Folio 190, Feuille B-143012.<\/p>\n<p>&nbsp;<\/p>\n<h4>2. Finalit\u00e9 du Traitement des Donn\u00e9es<\/h4>\n<p>ENERVENT traitera les donn\u00e9es des utilisateurs manuellement et\/ou automatiquement dans les buts suivants :<\/p>\n<ul>\n<li>Gestion des Demandes de Visite au Parc \u00c9olien : G\u00e9rer et coordonner les demandes de visite au parc \u00e9olien, y compris la communication d\u2019informations relatives \u00e0 la visite (confirmations, horaires, r\u00e8gles de s\u00e9curit\u00e9, etc.).<\/li>\n<li>Envoi d\u2019Informations Commerciales et Publicitaires sur ENERVENT : Envoyer des communications commerciales, newsletters, actualit\u00e9s de l\u2019entreprise, projets futurs, promotions ou \u00e9v\u00e9nements li\u00e9s \u00e0 ENERVENT et au secteur des \u00e9nergies renouvelables, \u00e0 condition que l\u2019utilisateur ait donn\u00e9 son consentement explicite.<\/li>\n<li>R\u00e9ponse aux Demandes et Sollicitations d\u2019Informations : R\u00e9pondre aux demandes, suggestions ou requ\u00eates d\u2019informations soumises par les utilisateurs via le formulaire de contact.<\/li>\n<li>Respect des Obligations L\u00e9gales : Respecter les obligations l\u00e9gales d\u00e9riv\u00e9es de la l\u00e9gislation en vigueur.<\/li>\n<li>Mesures de S\u00e9curit\u00e9 et Contr\u00f4le d\u2019Acc\u00e8s : Garantir la s\u00e9curit\u00e9 des installations, employ\u00e9s et visiteurs, y compris le contr\u00f4le d\u2019acc\u00e8s au parc \u00e9olien et la gestion des registres de visiteurs.<\/li>\n<li>Analyse Statistique et Am\u00e9lioration des Services : R\u00e9aliser des \u00e9tudes statistiques sur les demandes, sollicitations et participations re\u00e7ues pour am\u00e9liorer les services offerts et l\u2019exp\u00e9rience utilisateur.<\/li>\n<\/ul>\n<h4>3. Conservation des Donn\u00e9es<\/h4>\n<p>Les donn\u00e9es personnelles fournies seront conserv\u00e9es aussi longtemps que n\u00e9cessaire pour atteindre les objectifs pour lesquels elles ont \u00e9t\u00e9 collect\u00e9es. Par la suite, elles seront d\u00fbment bloqu\u00e9es pendant la p\u00e9riode n\u00e9cessaire pour r\u00e9pondre aux \u00e9ventuelles responsabilit\u00e9s l\u00e9gales, y compris le d\u00e9lai de prescription des actions judiciaires qui pourraient en d\u00e9couler, conform\u00e9ment \u00e0 la l\u00e9gislation applicable dans chaque juridiction.<br \/>\nUne fois ces d\u00e9lais \u00e9coul\u00e9s, les donn\u00e9es seront supprim\u00e9es de mani\u00e8re s\u00e9curis\u00e9e et d\u00e9finitive.<\/p>\n<p>&nbsp;<\/p>\n<h4>4. L\u00e9gitimit\u00e9 pour le Traitement des Donn\u00e9es<\/h4>\n<p>La l\u00e9gitimit\u00e9 pour le traitement des donn\u00e9es des utilisateurs repose sur :<\/p>\n<ul>\n<li>Consentement de l&#8217;Utilisateur: Pour la gestion des demandes de visite du parc \u00e9olien et les r\u00e9ponses aux consultations, ainsi que pour l&#8217;envoi de communications commerciales et publicitaires, \u00e0 condition que l&#8217;utilisateur ait donn\u00e9 son consentement explicite.<\/li>\n<li>Ex\u00e9cution d&#8217;un contrat: Dans le cas o\u00f9 un contrat serait conclu.<\/li>\n<li>Respect des Obligations L\u00e9gales: Pour le traitement n\u00e9cessaire au respect des obligations l\u00e9gales applicables \u00e0 ENERVENT.<br \/>\nInt\u00e9r\u00eat L\u00e9gitime: Pour la s\u00e9curit\u00e9 des installations et l&#8217;analyse statistique, \u00e0 condition que les droits et libert\u00e9s fondamentaux de l&#8217;utilisateur ne pr\u00e9valent pas.<\/li>\n<\/ul>\n<h4>5. Destinataires<\/h4>\n<p>ENERVENT ne c\u00e9dera pas de donn\u00e9es personnelles \u00e0 des tiers, sauf en cas d\u2019obligation l\u00e9gale. Si n\u00e9cessaire, les donn\u00e9es pourront \u00eatre communiqu\u00e9es \u00e0 :<\/p>\n<ul>\n<li>Administrations Publiques Comp\u00e9tentes : Dans les cas pr\u00e9vus par la loi.<\/li>\n<li>Fournisseurs de Services : Agissant en tant que sous-traitants, avec lesquels un contrat de traitement des donn\u00e9es a \u00e9t\u00e9 conclu.<\/li>\n<li>En cas de transfert international de donn\u00e9es, celui-ci sera effectu\u00e9 avec les garanties appropri\u00e9es conform\u00e9ment au R\u00e8glement G\u00e9n\u00e9ral sur la Protection des Donn\u00e9es (RGPD) et aux autres r\u00e9glementations applicables.<\/li>\n<\/ul>\n<h4>6. Droits des Utilisateurs<\/h4>\n<p>Les utilisateurs peuvent exercer les droits suivants pr\u00e9vus par le RGPD en relation avec le traitement de leurs donn\u00e9es personnelles :<\/p>\n<ul>\n<li>Droit d\u2019Acc\u00e8s : Demander des informations sur le traitement \u00e9ventuel de leurs donn\u00e9es personnelles.<\/li>\n<li>Droit de Rectification : Demander la correction des donn\u00e9es inexactes ou incompl\u00e8tes.<\/li>\n<li>Droit \u00e0 l\u2019Effacement : Demander la suppression de leurs donn\u00e9es lorsque, entre autres raisons, celles-ci ne sont plus n\u00e9cessaires aux fins pour lesquelles elles ont \u00e9t\u00e9 collect\u00e9es.<\/li>\n<li>Droit \u00e0 la Limitation du Traitement : Demander la limitation du traitement de leurs donn\u00e9es dans certaines circonstances.<\/li>\n<li>Droit d\u2019Opposition : S\u2019opposer au traitement de leurs donn\u00e9es pour des raisons li\u00e9es \u00e0 leur situation particuli\u00e8re.<\/li>\n<li>Droit \u00e0 la Portabilit\u00e9 des Donn\u00e9es : Recevoir leurs donn\u00e9es personnelles fournies dans un format structur\u00e9, couramment utilis\u00e9 et lisible par machine, et les transmettre \u00e0 un autre responsable.<\/li>\n<\/ul>\n<p>Pour exercer ces droits, l\u2019utilisateur peut envoyer une communication \u00e9crite \u00e0 ENERVENT S.A., Travessera de Gr\u00e0cia, num\u00e9ro 62 &#8211; 2\u00ba 5\u00ba, 08006 Barcelone, ou par courriel \u00e0 info@cxcrenovables.com, en joignant une copie de son document d\u2019identit\u00e9 national, passeport ou tout autre document valide pour son identification, ainsi que toute information pertinente pour r\u00e9soudre sa demande.\u2028De plus, l\u2019utilisateur est inform\u00e9 qu\u2019il a le droit de d\u00e9poser une r\u00e9clamation aupr\u00e8s de l\u2019Agence Espagnole de Protection des Donn\u00e9es (AEPD) s\u2019il consid\u00e8re que le traitement de ses donn\u00e9es personnelles enfreint les r\u00e9glementations applicables.<\/p>\n<p>&nbsp;<\/p>\n<h4>7. Mesures de S\u00e9curit\u00e9<\/h4>\n<p>ENERVENT a adopt\u00e9 les mesures techniques et organisationnelles appropri\u00e9es pour garantir un niveau de s\u00e9curit\u00e9 adapt\u00e9 au risque, en tenant compte de l\u2019\u00e9tat de la technique, des co\u00fbts de mise en \u0153uvre et de la nature, de la port\u00e9e, du contexte et des finalit\u00e9s du traitement, ainsi que des risques variables pour les droits et libert\u00e9s des personnes physiques.<\/p>\n<p>&nbsp;<\/p>\n<h4>8. Champ d\u2019Application<\/h4>\n<p>La structure des traitements, \u00e9quipements et syst\u00e8mes d\u2019information, destin\u00e9e \u00e0 se conformer \u00e0 la l\u00e9gislation en vigueur en mati\u00e8re de protection des donn\u00e9es, s\u2019appliquera \u00e0 tous les traitements, temporaires ou permanents, r\u00e9alis\u00e9s par ENERVENT contenant des donn\u00e9es personnelles, ainsi qu\u2019\u00e0 tout \u00e9quipement ou syst\u00e8me traitant ces donn\u00e9es.<\/p>\n<p>&nbsp;<\/p>\n<h4>9. Confidentialit\u00e9 et Secret Professionnel<\/h4>\n<p>Toutes les donn\u00e9es recueillies dans le cadre des communications priv\u00e9es entre ENERVENT et les utilisateurs seront trait\u00e9es de mani\u00e8re strictement confidentielle. ENERVENT s\u2019engage \u00e0 respecter le secret des donn\u00e9es personnelles, \u00e0 les prot\u00e9ger et \u00e0 adopter toutes les mesures n\u00e9cessaires pour \u00e9viter leur alt\u00e9ration, perte, traitement ou acc\u00e8s non autoris\u00e9, conform\u00e9ment aux r\u00e9glementations applicables.<\/p>\n<p>&nbsp;<\/p>\n<h4>10. Modifications de la Politique de Confidentialit\u00e9<\/h4>\n<p>ENERVENT se r\u00e9serve le droit de modifier sa politique de confidentialit\u00e9 afin de l\u2019adapter aux \u00e9volutions l\u00e9gislatives ou jurisprudentielles, ainsi qu\u2019aux changements r\u00e9sultant de codes de conduite existants ou de d\u00e9cisions strat\u00e9giques de l\u2019entreprise, avec effet \u00e0 compter de la date de publication de la modification sur le site enerventperello.com.<\/p>\n<p>&nbsp;<\/p>\n<h4>11. Communication des Donn\u00e9es par l\u2019Utilisateur<\/h4>\n<p>Avant de fournir sur le site des donn\u00e9es personnelles relatives \u00e0 des tiers, l\u2019utilisateur devra obtenir leur consentement pr\u00e9alable et explicite, apr\u00e8s les avoir inform\u00e9s des termes de cette Politique de Confidentialit\u00e9.<\/p>\n<p>&nbsp;<\/p>\n<h4>12. Donn\u00e9es des Mineurs<\/h4>\n<p>Les mineurs ne peuvent pas utiliser les services disponibles sur le site sans l\u2019autorisation pr\u00e9alable de leurs parents, tuteurs ou repr\u00e9sentants l\u00e9gaux, qui seront les seuls responsables des actes r\u00e9alis\u00e9s sur le site par les mineurs sous leur garde, y compris le remplissage des formulaires contenant les donn\u00e9es personnelles de ces mineurs et, le cas \u00e9ch\u00e9ant, la validation des cases qui les accompagnent.<\/p>\n","protected":false},"excerpt":{"rendered":"<p>1. Responsable du Traitement Le responsable du traitement des donn\u00e9es des utilisateurs est la soci\u00e9t\u00e9 ENERVENT S.A. (ci-apr\u00e8s, &#8220;la Soci\u00e9t\u00e9&#8221; ou &#8220;ENERVENT&#8221;), une soci\u00e9t\u00e9 l\u00e9galement constitu\u00e9e conform\u00e9ment \u00e0 la l\u00e9gislation espagnole, enregistr\u00e9e sous le N.I.F. A60900388, domicili\u00e9e \u00e0 Travessera de Gr\u00e0cia, num\u00e9ro 62 &#8211; 2\u00ba 5\u00ba, 08006 Barcelone, et inscrite au Registre du Commerce de [&hellip;]<\/p>\n","protected":false},"author":1,"featured_media":0,"parent":0,"menu_order":0,"comment_status":"closed","ping_status":"closed","template":"","meta":{"_acf_changed":false,"footnotes":""},"class_list":["post-159","page","type-page","status-publish","hentry"],"acf":[],"yoast_head":"<!-- This site is optimized with the Yoast SEO plugin v27.2 - https:\/\/yoast.com\/product\/yoast-seo-wordpress\/ -->\n<title>Politique de confidentialit\u00e9 - Enervent<\/title>\n<meta name=\"robots\" content=\"noindex, nofollow\" \/>\n<meta property=\"og:locale\" content=\"fr_FR\" \/>\n<meta property=\"og:type\" content=\"article\" \/>\n<meta property=\"og:title\" content=\"Politique de confidentialit\u00e9 - Enervent\" \/>\n<meta property=\"og:description\" content=\"1. Responsable du Traitement Le responsable du traitement des donn\u00e9es des utilisateurs est la soci\u00e9t\u00e9 ENERVENT S.A. (ci-apr\u00e8s, &#8220;la Soci\u00e9t\u00e9&#8221; ou &#8220;ENERVENT&#8221;), une soci\u00e9t\u00e9 l\u00e9galement constitu\u00e9e conform\u00e9ment \u00e0 la l\u00e9gislation espagnole, enregistr\u00e9e sous le N.I.F. A60900388, domicili\u00e9e \u00e0 Travessera de Gr\u00e0cia, num\u00e9ro 62 &#8211; 2\u00ba 5\u00ba, 08006 Barcelone, et inscrite au Registre du Commerce de [&hellip;]\" \/>\n<meta property=\"og:url\" content=\"https:\/\/www.enerventperello.com\/fr\/politique-de-confidentialite\/\" \/>\n<meta property=\"og:site_name\" content=\"Enervent\" \/>\n<meta property=\"article:modified_time\" content=\"2025-02-27T08:16:50+00:00\" \/>\n<meta name=\"twitter:card\" content=\"summary_large_image\" \/>\n<meta name=\"twitter:label1\" content=\"Est. reading time\" \/>\n\t<meta name=\"twitter:data1\" content=\"6 minutes\" \/>\n<script type=\"application\/ld+json\" class=\"yoast-schema-graph\">{\"@context\":\"https:\/\/schema.org\",\"@graph\":[{\"@type\":\"WebPage\",\"@id\":\"https:\/\/www.enerventperello.com\/fr\/politique-de-confidentialite\/\",\"url\":\"https:\/\/www.enerventperello.com\/fr\/politique-de-confidentialite\/\",\"name\":\"Politique de confidentialit\u00e9 - Enervent\",\"isPartOf\":{\"@id\":\"https:\/\/enerventperello.com\/#website\"},\"datePublished\":\"2024-10-11T09:33:40+00:00\",\"dateModified\":\"2025-02-27T08:16:50+00:00\",\"breadcrumb\":{\"@id\":\"https:\/\/www.enerventperello.com\/fr\/politique-de-confidentialite\/#breadcrumb\"},\"inLanguage\":\"fr-FR\",\"potentialAction\":[{\"@type\":\"ReadAction\",\"target\":[\"https:\/\/www.enerventperello.com\/fr\/politique-de-confidentialite\/\"]}]},{\"@type\":\"BreadcrumbList\",\"@id\":\"https:\/\/www.enerventperello.com\/fr\/politique-de-confidentialite\/#breadcrumb\",\"itemListElement\":[{\"@type\":\"ListItem\",\"position\":1,\"name\":\"Inici\",\"item\":\"https:\/\/enerventperello.com\/fr\/\"},{\"@type\":\"ListItem\",\"position\":2,\"name\":\"Politique de confidentialit\u00e9\"}]},{\"@type\":\"WebSite\",\"@id\":\"https:\/\/enerventperello.com\/#website\",\"url\":\"https:\/\/enerventperello.com\/\",\"name\":\"Enervent\",\"description\":\"Enervent \u25b6\ufe0f Descobreix el Parc E\u00f2lic Les Colladetes, pioner en energia renovable a Catalunya, amb m\u00e9s de 25 anys generant energia e\u00f2lica per a un futur sostenible.\",\"publisher\":{\"@id\":\"https:\/\/enerventperello.com\/#organization\"},\"potentialAction\":[{\"@type\":\"SearchAction\",\"target\":{\"@type\":\"EntryPoint\",\"urlTemplate\":\"https:\/\/enerventperello.com\/?s={search_term_string}\"},\"query-input\":{\"@type\":\"PropertyValueSpecification\",\"valueRequired\":true,\"valueName\":\"search_term_string\"}}],\"inLanguage\":\"fr-FR\"},{\"@type\":\"Organization\",\"@id\":\"https:\/\/enerventperello.com\/#organization\",\"name\":\"Enervent\",\"url\":\"https:\/\/enerventperello.com\/\",\"logo\":{\"@type\":\"ImageObject\",\"inLanguage\":\"fr-FR\",\"@id\":\"https:\/\/enerventperello.com\/#\/schema\/logo\/image\/\",\"url\":\"https:\/\/enerventperello.com\/custom\/uploads\/2025\/05\/enervent.png\",\"contentUrl\":\"https:\/\/enerventperello.com\/custom\/uploads\/2025\/05\/enervent.png\",\"width\":520,\"height\":80,\"caption\":\"Enervent\"},\"image\":{\"@id\":\"https:\/\/enerventperello.com\/#\/schema\/logo\/image\/\"}}]}<\/script>\n<!-- \/ Yoast SEO plugin. -->","yoast_head_json":{"title":"Politique de confidentialit\u00e9 - Enervent","robots":{"index":"noindex","follow":"nofollow"},"og_locale":"fr_FR","og_type":"article","og_title":"Politique de confidentialit\u00e9 - Enervent","og_description":"1. Responsable du Traitement Le responsable du traitement des donn\u00e9es des utilisateurs est la soci\u00e9t\u00e9 ENERVENT S.A. (ci-apr\u00e8s, &#8220;la Soci\u00e9t\u00e9&#8221; ou &#8220;ENERVENT&#8221;), une soci\u00e9t\u00e9 l\u00e9galement constitu\u00e9e conform\u00e9ment \u00e0 la l\u00e9gislation espagnole, enregistr\u00e9e sous le N.I.F. A60900388, domicili\u00e9e \u00e0 Travessera de Gr\u00e0cia, num\u00e9ro 62 &#8211; 2\u00ba 5\u00ba, 08006 Barcelone, et inscrite au Registre du Commerce de [&hellip;]","og_url":"https:\/\/www.enerventperello.com\/fr\/politique-de-confidentialite\/","og_site_name":"Enervent","article_modified_time":"2025-02-27T08:16:50+00:00","twitter_card":"summary_large_image","twitter_misc":{"Est. reading time":"6 minutes"},"schema":{"@context":"https:\/\/schema.org","@graph":[{"@type":"WebPage","@id":"https:\/\/www.enerventperello.com\/fr\/politique-de-confidentialite\/","url":"https:\/\/www.enerventperello.com\/fr\/politique-de-confidentialite\/","name":"Politique de confidentialit\u00e9 - Enervent","isPartOf":{"@id":"https:\/\/enerventperello.com\/#website"},"datePublished":"2024-10-11T09:33:40+00:00","dateModified":"2025-02-27T08:16:50+00:00","breadcrumb":{"@id":"https:\/\/www.enerventperello.com\/fr\/politique-de-confidentialite\/#breadcrumb"},"inLanguage":"fr-FR","potentialAction":[{"@type":"ReadAction","target":["https:\/\/www.enerventperello.com\/fr\/politique-de-confidentialite\/"]}]},{"@type":"BreadcrumbList","@id":"https:\/\/www.enerventperello.com\/fr\/politique-de-confidentialite\/#breadcrumb","itemListElement":[{"@type":"ListItem","position":1,"name":"Inici","item":"https:\/\/enerventperello.com\/fr\/"},{"@type":"ListItem","position":2,"name":"Politique de confidentialit\u00e9"}]},{"@type":"WebSite","@id":"https:\/\/enerventperello.com\/#website","url":"https:\/\/enerventperello.com\/","name":"Enervent","description":"Enervent \u25b6\ufe0f Descobreix el Parc E\u00f2lic Les Colladetes, pioner en energia renovable a Catalunya, amb m\u00e9s de 25 anys generant energia e\u00f2lica per a un futur sostenible.","publisher":{"@id":"https:\/\/enerventperello.com\/#organization"},"potentialAction":[{"@type":"SearchAction","target":{"@type":"EntryPoint","urlTemplate":"https:\/\/enerventperello.com\/?s={search_term_string}"},"query-input":{"@type":"PropertyValueSpecification","valueRequired":true,"valueName":"search_term_string"}}],"inLanguage":"fr-FR"},{"@type":"Organization","@id":"https:\/\/enerventperello.com\/#organization","name":"Enervent","url":"https:\/\/enerventperello.com\/","logo":{"@type":"ImageObject","inLanguage":"fr-FR","@id":"https:\/\/enerventperello.com\/#\/schema\/logo\/image\/","url":"https:\/\/enerventperello.com\/custom\/uploads\/2025\/05\/enervent.png","contentUrl":"https:\/\/enerventperello.com\/custom\/uploads\/2025\/05\/enervent.png","width":520,"height":80,"caption":"Enervent"},"image":{"@id":"https:\/\/enerventperello.com\/#\/schema\/logo\/image\/"}}]}},"_links":{"self":[{"href":"https:\/\/www.enerventperello.com\/fr\/wp-json\/wp\/v2\/pages\/159","targetHints":{"allow":["GET"]}}],"collection":[{"href":"https:\/\/www.enerventperello.com\/fr\/wp-json\/wp\/v2\/pages"}],"about":[{"href":"https:\/\/www.enerventperello.com\/fr\/wp-json\/wp\/v2\/types\/page"}],"author":[{"embeddable":true,"href":"https:\/\/www.enerventperello.com\/fr\/wp-json\/wp\/v2\/users\/1"}],"replies":[{"embeddable":true,"href":"https:\/\/www.enerventperello.com\/fr\/wp-json\/wp\/v2\/comments?post=159"}],"version-history":[{"count":0,"href":"https:\/\/www.enerventperello.com\/fr\/wp-json\/wp\/v2\/pages\/159\/revisions"}],"wp:attachment":[{"href":"https:\/\/www.enerventperello.com\/fr\/wp-json\/wp\/v2\/media?parent=159"}],"curies":[{"name":"wp","href":"https:\/\/api.w.org\/{rel}","templated":true}]}}